{"id":1025,"date":"2017-08-30T21:57:09","date_gmt":"2017-08-30T19:57:09","guid":{"rendered":"http:\/\/blog-enrouelibre.fr\/?page_id=1025"},"modified":"2017-08-30T22:04:24","modified_gmt":"2017-08-30T20:04:24","slug":"soutenance-de-these","status":"publish","type":"page","link":"https:\/\/blog-enrouelibre.fr\/?page_id=1025","title":{"rendered":"Soutenance de th\u00e8se"},"content":{"rendered":"<p>Voil\u00e0 ma soutenance de th\u00e8se sur le traitement conjoint des signaux EEG et oculom\u00e9triques, en fran\u00e7ais. Cela dure 48 minutes&#8230;<\/p>\n<p><iframe loading=\"lazy\" src=\"https:\/\/www.youtube.com\/embed\/7dZeUqZzupg\" width=\"560\" height=\"315\" frameborder=\"0\" allowfullscreen=\"allowfullscreen\"><\/iframe><\/p>\n\n<!-- Facebook Like Button v1.9.6 BEGIN [http:\/\/blog.bottomlessinc.com] -->\n<iframe src=\"http:\/\/www.facebook.com\/plugins\/like.php?href=https%3A%2F%2Fblog-enrouelibre.fr%2F%3Fpage_id%3D1025&amp;layout=standard&amp;show_faces=false&amp;width=450&amp;action=like&amp;colorscheme=light\" scrolling=\"no\" frameborder=\"0\" allowTransparency=\"true\" style=\"border:none; overflow:hidden; width:450px; height: 30px; align: left; margin: 2px 0px 2px 0px\"><\/iframe>\n<!-- Facebook Like Button END -->\n","protected":false},"excerpt":{"rendered":"<p>Voil\u00e0 ma soutenance de th\u00e8se sur le traitement conjoint des signaux EEG et oculom\u00e9triques, en fran\u00e7ais. Cela dure 48 minutes&#8230;<\/p>\n","protected":false},"author":1,"featured_media":0,"parent":0,"menu_order":3,"comment_status":"closed","ping_status":"closed","template":"","meta":{"_exactmetrics_skip_tracking":false,"_exactmetrics_sitenote_active":false,"_exactmetrics_sitenote_note":"","_exactmetrics_sitenote_category":0,"_uf_show_specific_survey":0,"_uf_disable_surveys":false,"footnotes":""},"aioseo_notices":[],"yoast_head":"<!-- This site is optimized with the Yoast SEO plugin v22.7 - https:\/\/yoast.com\/wordpress\/plugins\/seo\/ -->\n<title>Soutenance de th\u00e8se -<\/title>\n<meta name=\"robots\" content=\"index, follow, max-snippet:-1, max-image-preview:large, max-video-preview:-1\" \/>\n<link rel=\"canonical\" href=\"https:\/\/blog-enrouelibre.fr\/?page_id=1025\" \/>\n<meta property=\"og:locale\" content=\"fr_FR\" \/>\n<meta property=\"og:type\" content=\"article\" \/>\n<meta property=\"og:title\" content=\"Soutenance de th\u00e8se -\" \/>\n<meta property=\"og:description\" content=\"Voil\u00e0 ma soutenance de th\u00e8se sur le traitement conjoint des signaux EEG et oculom\u00e9triques, en fran\u00e7ais. Cela dure 48 minutes&#8230;\" \/>\n<meta property=\"og:url\" content=\"https:\/\/blog-enrouelibre.fr\/?page_id=1025\" \/>\n<meta property=\"article:modified_time\" content=\"2017-08-30T20:04:24+00:00\" \/>\n<meta name=\"twitter:card\" content=\"summary_large_image\" \/>\n<script type=\"application\/ld+json\" class=\"yoast-schema-graph\">{\"@context\":\"https:\/\/schema.org\",\"@graph\":[{\"@type\":\"WebPage\",\"@id\":\"https:\/\/blog-enrouelibre.fr\/?page_id=1025\",\"url\":\"https:\/\/blog-enrouelibre.fr\/?page_id=1025\",\"name\":\"Soutenance de th\u00e8se -\",\"isPartOf\":{\"@id\":\"http:\/\/blog-enrouelibre.fr\/#website\"},\"datePublished\":\"2017-08-30T19:57:09+00:00\",\"dateModified\":\"2017-08-30T20:04:24+00:00\",\"breadcrumb\":{\"@id\":\"https:\/\/blog-enrouelibre.fr\/?page_id=1025#breadcrumb\"},\"inLanguage\":\"fr-FR\",\"potentialAction\":[{\"@type\":\"ReadAction\",\"target\":[\"https:\/\/blog-enrouelibre.fr\/?page_id=1025\"]}]},{\"@type\":\"BreadcrumbList\",\"@id\":\"https:\/\/blog-enrouelibre.fr\/?page_id=1025#breadcrumb\",\"itemListElement\":[{\"@type\":\"ListItem\",\"position\":1,\"name\":\"Accueil\",\"item\":\"http:\/\/blog-enrouelibre.fr\/\"},{\"@type\":\"ListItem\",\"position\":2,\"name\":\"Soutenance de th\u00e8se\"}]},{\"@type\":\"WebSite\",\"@id\":\"http:\/\/blog-enrouelibre.fr\/#website\",\"url\":\"http:\/\/blog-enrouelibre.fr\/\",\"name\":\"\",\"description\":\"\",\"potentialAction\":[{\"@type\":\"SearchAction\",\"target\":{\"@type\":\"EntryPoint\",\"urlTemplate\":\"http:\/\/blog-enrouelibre.fr\/?s={search_term_string}\"},\"query-input\":\"required name=search_term_string\"}],\"inLanguage\":\"fr-FR\"}]}<\/script>\n<!-- \/ Yoast SEO plugin. -->","yoast_head_json":{"title":"Soutenance de th\u00e8se -","robots":{"index":"index","follow":"follow","max-snippet":"max-snippet:-1","max-image-preview":"max-image-preview:large","max-video-preview":"max-video-preview:-1"},"canonical":"https:\/\/blog-enrouelibre.fr\/?page_id=1025","og_locale":"fr_FR","og_type":"article","og_title":"Soutenance de th\u00e8se -","og_description":"Voil\u00e0 ma soutenance de th\u00e8se sur le traitement conjoint des signaux EEG et oculom\u00e9triques, en fran\u00e7ais. Cela dure 48 minutes&#8230;","og_url":"https:\/\/blog-enrouelibre.fr\/?page_id=1025","article_modified_time":"2017-08-30T20:04:24+00:00","twitter_card":"summary_large_image","schema":{"@context":"https:\/\/schema.org","@graph":[{"@type":"WebPage","@id":"https:\/\/blog-enrouelibre.fr\/?page_id=1025","url":"https:\/\/blog-enrouelibre.fr\/?page_id=1025","name":"Soutenance de th\u00e8se -","isPartOf":{"@id":"http:\/\/blog-enrouelibre.fr\/#website"},"datePublished":"2017-08-30T19:57:09+00:00","dateModified":"2017-08-30T20:04:24+00:00","breadcrumb":{"@id":"https:\/\/blog-enrouelibre.fr\/?page_id=1025#breadcrumb"},"inLanguage":"fr-FR","potentialAction":[{"@type":"ReadAction","target":["https:\/\/blog-enrouelibre.fr\/?page_id=1025"]}]},{"@type":"BreadcrumbList","@id":"https:\/\/blog-enrouelibre.fr\/?page_id=1025#breadcrumb","itemListElement":[{"@type":"ListItem","position":1,"name":"Accueil","item":"http:\/\/blog-enrouelibre.fr\/"},{"@type":"ListItem","position":2,"name":"Soutenance de th\u00e8se"}]},{"@type":"WebSite","@id":"http:\/\/blog-enrouelibre.fr\/#website","url":"http:\/\/blog-enrouelibre.fr\/","name":"","description":"","potentialAction":[{"@type":"SearchAction","target":{"@type":"EntryPoint","urlTemplate":"http:\/\/blog-enrouelibre.fr\/?s={search_term_string}"},"query-input":"required name=search_term_string"}],"inLanguage":"fr-FR"}]}},"_links":{"self":[{"href":"https:\/\/blog-enrouelibre.fr\/index.php?rest_route=\/wp\/v2\/pages\/1025"}],"collection":[{"href":"https:\/\/blog-enrouelibre.fr\/index.php?rest_route=\/wp\/v2\/pages"}],"about":[{"href":"https:\/\/blog-enrouelibre.fr\/index.php?rest_route=\/wp\/v2\/types\/page"}],"author":[{"embeddable":true,"href":"https:\/\/blog-enrouelibre.fr\/index.php?rest_route=\/wp\/v2\/users\/1"}],"replies":[{"embeddable":true,"href":"https:\/\/blog-enrouelibre.fr\/index.php?rest_route=%2Fwp%2Fv2%2Fcomments&post=1025"}],"version-history":[{"count":1,"href":"https:\/\/blog-enrouelibre.fr\/index.php?rest_route=\/wp\/v2\/pages\/1025\/revisions"}],"predecessor-version":[{"id":1026,"href":"https:\/\/blog-enrouelibre.fr\/index.php?rest_route=\/wp\/v2\/pages\/1025\/revisions\/1026"}],"wp:attachment":[{"href":"https:\/\/blog-enrouelibre.fr\/index.php?rest_route=%2Fwp%2Fv2%2Fmedia&parent=1025"}],"curies":[{"name":"wp","href":"https:\/\/api.w.org\/{rel}","templated":true}]}}